{"id":21,"date":"2020-09-15T12:31:47","date_gmt":"2020-09-15T12:31:47","guid":{"rendered":"https:\/\/wiesender-derma.at\/?page_id=21"},"modified":"2020-12-06T17:53:10","modified_gmt":"2020-12-06T17:53:10","slug":"zur-person","status":"publish","type":"page","link":"https:\/\/wiesender-derma.at\/?page_id=21","title":{"rendered":"Zur Person"},"content":{"rendered":"\t\t<div data-elementor-type=\"wp-page\" data-elementor-id=\"21\" class=\"elementor elementor-21\" data-elementor-settings=\"[]\">\n\t\t\t\t\t\t<div class=\"elementor-inner\">\n\t\t\t\t\t\t\t<div class=\"elementor-section-wrap\">\n\t\t\t\t\t\t\t<section class=\"elementor-section elementor-top-section elementor-element elementor-element-25f1f3d elementor-section-boxed elementor-section-height-default elementor-section-height-default\" data-id=\"25f1f3d\" data-element_type=\"section\">\n\t\t\t\t\t\t<div class=\"elementor-container elementor-column-gap-default\">\n\t\t\t\t\t\t\t<div class=\"elementor-row\">\n\t\t\t\t\t<div class=\"elementor-column elementor-col-100 elementor-top-column elementor-element elementor-element-e759a3b\" data-id=\"e759a3b\" data-element_type=\"column\">\n\t\t\t<div class=\"elementor-column-wrap elementor-element-populated\">\n\t\t\t\t\t\t\t<div class=\"elementor-widget-wrap\">\n\t\t\t\t\t\t<div class=\"elementor-element elementor-element-334ab3e elementor-widget elementor-widget-text-editor\" data-id=\"334ab3e\" data-element_type=\"widget\" data-widget_type=\"text-editor.default\">\n\t\t\t\t<div class=\"elementor-widget-container\">\n\t\t\t\t\t<div class=\"elementor-text-editor elementor-clearfix\"><p><span style=\"color: #808080;\"><strong>Ausbildung<\/strong><\/span><\/p><ul><li type=\"square\">Medizinstudium an der\u00a0Medizinischen Universit\u00e4t Wien<\/li><li type=\"square\">Auslandsaufenthalte w\u00e4hrend des Studiums an der Northern University of Sydney (Australien) und an der Ludwig-Maximilian-Universit\u00e4t M\u00fcnchen (Deutschland)<\/li><li type=\"square\">Facharztausbildung Lehrpraxis Prof. Sabine Pl\u00f6tz, Dermatologie Harlaching und Nymphenburg (Deutschland)<\/li><li type=\"square\">Facharztausbildung an der Universit\u00e4tsklinik f\u00fcr Dermatologie im AKH Wien, Abteilung f\u00fcr Immundermatologie<\/li><li>Facharztausbildung an der Universit\u00e4tsklinik f\u00fcr Dermatologie im AKH Wien, Abteilung f\u00fcr Allgemeine Dermatologie<\/li><li type=\"square\">Umfassende Ausbildung in allen Teilgebieten der Dermatologie mit Schwerpunkt Geschlechtskrankheiten und HIV<\/li><li type=\"square\">Diplom &#8222;Facharzt f\u00fcr Haut- und Geschlechtskrankheiten&#8220;<\/li><\/ul><p><strong><span style=\"color: #808080;\">Mitglied folgender Fachgesellschaften<\/span><\/strong><\/p><ul><li type=\"square\">\u00d6GDV &#8211; \u00d6sterreichische Gesellschaft f\u00fcr Dermatologie und Venerologie<\/li><\/ul><\/div>\n\t\t\t\t<\/div>\n\t\t\t\t<\/div>\n\t\t\t\t\t\t<\/div>\n\t\t\t\t\t<\/div>\n\t\t<\/div>\n\t\t\t\t\t\t\t\t<\/div>\n\t\t\t\t\t<\/div>\n\t\t<\/section>\n\t\t\t\t\t\t<\/div>\n\t\t\t\t\t\t<\/div>\n\t\t\t\t\t<\/div>\n\t\t","protected":false},"excerpt":{"rendered":"<p>Ausbildung Medizinstudium an der\u00a0Medizinischen Universit\u00e4t Wien Auslandsaufenthalte w\u00e4hrend des Studiums an der Northern University of Sydney (Australien) und an der Ludwig-Maximilian-Universit\u00e4t M\u00fcnchen (Deutschland) Facharztausbildung Lehrpraxis Prof. Sabine Pl\u00f6tz, Dermatologie Harlaching und Nymphenburg (Deutschland) Facharztausbildung an der Universit\u00e4tsklinik f\u00fcr Dermatologie im AKH Wien, Abteilung f\u00fcr Immundermatologie Facharztausbildung an der Universit\u00e4tsklinik f\u00fcr Dermatologie im AKH Wien, Abteilung &hellip;<\/p>\n<p class=\"read-more\"> <a class=\"\" href=\"https:\/\/wiesender-derma.at\/?page_id=21\"> <span class=\"screen-reader-text\">Zur Person<\/span> Read More \u00bb<\/a><\/p>\n","protected":false},"author":1,"featured_media":0,"parent":0,"menu_order":0,"comment_status":"closed","ping_status":"closed","template":"","meta":[],"yoast_head":"<!-- This site is optimized with the Yoast SEO plugin v15.1.1 - https:\/\/yoast.com\/wordpress\/plugins\/seo\/ -->\n<title>Zur Person - Dr. Markus Wiesender - Facharzt f\u00fcr Haut- und Geschlechtskrankheiten<\/title>\n<meta name=\"robots\" content=\"index, follow, max-snippet:-1, max-image-preview:large, max-video-preview:-1\" \/>\n<link rel=\"canonical\" href=\"https:\/\/wiesender-derma.at\/?page_id=21\" \/>\n<meta property=\"og:locale\" content=\"de_DE\" \/>\n<meta property=\"og:type\" content=\"article\" \/>\n<meta property=\"og:title\" content=\"Zur Person - Dr. Markus Wiesender - Facharzt f\u00fcr Haut- und Geschlechtskrankheiten\" \/>\n<meta property=\"og:description\" content=\"Ausbildung Medizinstudium an der\u00a0Medizinischen Universit\u00e4t Wien Auslandsaufenthalte w\u00e4hrend des Studiums an der Northern University of Sydney (Australien) und an der Ludwig-Maximilian-Universit\u00e4t M\u00fcnchen (Deutschland) Facharztausbildung Lehrpraxis Prof. Sabine Pl\u00f6tz, Dermatologie Harlaching und Nymphenburg (Deutschland) Facharztausbildung an der Universit\u00e4tsklinik f\u00fcr Dermatologie im AKH Wien, Abteilung f\u00fcr Immundermatologie Facharztausbildung an der Universit\u00e4tsklinik f\u00fcr Dermatologie im AKH Wien, Abteilung &hellip; Zur Person Read More \u00bb\" \/>\n<meta property=\"og:url\" content=\"https:\/\/wiesender-derma.at\/?page_id=21\" \/>\n<meta property=\"og:site_name\" content=\"Dr. Markus Wiesender - Facharzt f\u00fcr Haut- und Geschlechtskrankheiten\" \/>\n<meta property=\"article:modified_time\" content=\"2020-12-06T17:53:10+00:00\" \/>\n<meta name=\"twitter:card\" content=\"summary_large_image\" \/>\n<script type=\"application\/ld+json\" class=\"yoast-schema-graph\">{\"@context\":\"https:\/\/schema.org\",\"@graph\":[{\"@type\":\"WebSite\",\"@id\":\"https:\/\/wiesender-derma.at\/#website\",\"url\":\"https:\/\/wiesender-derma.at\/\",\"name\":\"Dr. Markus Wiesender - Facharzt f\\u00fcr Haut- und Geschlechtskrankheiten\",\"description\":\"\",\"potentialAction\":[{\"@type\":\"SearchAction\",\"target\":\"https:\/\/wiesender-derma.at\/?s={search_term_string}\",\"query-input\":\"required name=search_term_string\"}],\"inLanguage\":\"de\"},{\"@type\":\"WebPage\",\"@id\":\"https:\/\/wiesender-derma.at\/?page_id=21#webpage\",\"url\":\"https:\/\/wiesender-derma.at\/?page_id=21\",\"name\":\"Zur Person - Dr. Markus Wiesender - Facharzt f\\u00fcr Haut- und Geschlechtskrankheiten\",\"isPartOf\":{\"@id\":\"https:\/\/wiesender-derma.at\/#website\"},\"datePublished\":\"2020-09-15T12:31:47+00:00\",\"dateModified\":\"2020-12-06T17:53:10+00:00\",\"inLanguage\":\"de\",\"potentialAction\":[{\"@type\":\"ReadAction\",\"target\":[\"https:\/\/wiesender-derma.at\/?page_id=21\"]}]}]}<\/script>\n<!-- \/ Yoast SEO plugin. -->","_links":{"self":[{"href":"https:\/\/wiesender-derma.at\/index.php?rest_route=\/wp\/v2\/pages\/21"}],"collection":[{"href":"https:\/\/wiesender-derma.at\/index.php?rest_route=\/wp\/v2\/pages"}],"about":[{"href":"https:\/\/wiesender-derma.at\/index.php?rest_route=\/wp\/v2\/types\/page"}],"author":[{"embeddable":true,"href":"https:\/\/wiesender-derma.at\/index.php?rest_route=\/wp\/v2\/users\/1"}],"replies":[{"embeddable":true,"href":"https:\/\/wiesender-derma.at\/index.php?rest_route=%2Fwp%2Fv2%2Fcomments&post=21"}],"version-history":[{"count":101,"href":"https:\/\/wiesender-derma.at\/index.php?rest_route=\/wp\/v2\/pages\/21\/revisions"}],"predecessor-version":[{"id":1022,"href":"https:\/\/wiesender-derma.at\/index.php?rest_route=\/wp\/v2\/pages\/21\/revisions\/1022"}],"wp:attachment":[{"href":"https:\/\/wiesender-derma.at\/index.php?rest_route=%2Fwp%2Fv2%2Fmedia&parent=21"}],"curies":[{"name":"wp","href":"https:\/\/api.w.org\/{rel}","templated":true}]}}