{"id":538,"date":"2020-09-17T21:30:26","date_gmt":"2020-09-17T21:30:26","guid":{"rendered":"https:\/\/wiesender-derma.at\/?page_id=538"},"modified":"2020-10-19T12:44:16","modified_gmt":"2020-10-19T12:44:16","slug":"datenschutzerklaerung","status":"publish","type":"page","link":"https:\/\/wiesender-derma.at\/?page_id=538","title":{"rendered":"Datenschutzerkl\u00e4rung"},"content":{"rendered":"\t\t<div data-elementor-type=\"wp-page\" data-elementor-id=\"538\" class=\"elementor elementor-538\" data-elementor-settings=\"[]\">\n\t\t\t\t\t\t<div class=\"elementor-inner\">\n\t\t\t\t\t\t\t<div class=\"elementor-section-wrap\">\n\t\t\t\t\t\t\t<section class=\"elementor-section elementor-top-section elementor-element elementor-element-6147a24 elementor-section-boxed elementor-section-height-default elementor-section-height-default\" data-id=\"6147a24\" data-element_type=\"section\">\n\t\t\t\t\t\t<div class=\"elementor-container elementor-column-gap-default\">\n\t\t\t\t\t\t\t<div class=\"elementor-row\">\n\t\t\t\t\t<div class=\"elementor-column elementor-col-100 elementor-top-column elementor-element elementor-element-231c0ad\" data-id=\"231c0ad\" data-element_type=\"column\">\n\t\t\t<div class=\"elementor-column-wrap elementor-element-populated\">\n\t\t\t\t\t\t\t<div class=\"elementor-widget-wrap\">\n\t\t\t\t\t\t<div class=\"elementor-element elementor-element-540e91b elementor-widget elementor-widget-text-editor\" data-id=\"540e91b\" data-element_type=\"widget\" data-widget_type=\"text-editor.default\">\n\t\t\t\t<div class=\"elementor-widget-container\">\n\t\t\t\t\t<div class=\"elementor-text-editor elementor-clearfix\"><p><span style=\"color: #808080;\"><strong>Datenspeicherung<\/strong><\/span><br \/>Wir weisen darauf hin, dass zum Zweck des einfacheren Einkaufsvorganges und zur sp\u00e4teren Vertragsabwicklung vom Webshop-Betreiber im Rahmen von Cookies die IP-Daten des Anschlussinhabers gespeichert werden, ebenso wie Name, Anschrift und Kreditkartennummer des K\u00e4ufers.<\/p><p>Dar\u00fcber hinaus werden zum Zweck der Vertragsabwicklung folgende Daten auch bei uns gespeichert: Anrede, Name, Adresse, Telefonnummer und Email-Adresse. Die von Ihnen bereit gestellten Daten sind zur Vertragserf\u00fcllung bzw zur Durchf\u00fchrung vorvertraglicher Ma\u00dfnahmen erforderlich. Ohne diese Daten k\u00f6nnen wir den Vertrag mit Ihnen nicht abschlie\u00dfen. Eine Daten\u00fcbermittlung an Dritte erfolgt nicht, mit Ausnahme der \u00dcbermittlung der Kreditkartendaten an die abwickelnden Bankinstitute \/ Zahlungsdienstleister zum Zwecke der Abbuchung des Einkaufspreises, an das von uns beauftragte Transportunternehmen\/Versandunternehmen zur Zustellung der Ware sowie an unseren Steuerberater zur Erf\u00fcllung unserer steuerrechtlichen Verpflichtungen.<\/p><p>Nach Abbruch des Einkaufsvorganges werden die bei uns gespeicherten Daten gel\u00f6scht. Im Falle eines Vertragsabschlusses werden s\u00e4mtliche Daten aus dem Vertragsverh\u00e4ltnis bis zum Ablauf der steuerrechtlichen Aufbewahrungsfrist (7 Jahre) gespeichert.<\/p><p>Die Daten Name, Anschrift, gekaufte Waren und Kaufdatum werden dar\u00fcber hinaus gehend bis zum Ablauf der Produkthaftung (10 Jahre) gespeichert.<br \/>Die Datenverarbeitung erfolgt auf Basis der gesetzlichen Bestimmungen des \u00a7 96 Abs 3 TKG sowie des Art 6 Abs 1 lit a (Einwilligung) und\/oder lit b (notwendig zur Vertragserf\u00fcllung) der DSGVO.<\/p><p>\u00a0<\/p><p><span style=\"color: #808080;\"><strong>Cookies<\/strong><\/span><br \/>Wir verwenden auf unserer Seite sog. Cookies zum Wiedererkennen mehrfacher Nutzung unseres Angebots, durch denselben Nutzer\/Internetanschlussinhaber. Cookies sind kleine Textdateien, die Ihr Internet-Browser auf Ihrem Rechner ablegt und speichert. Sie dienen dazu, unseren Internetauftritt und unsere Angebote zu optimieren. Es handelt sich dabei zumeist um sog. \u201cSession-Cookies\u201d, die nach dem Ende Ihres Besuches wieder gel\u00f6scht werden.<br \/>Teilweise geben diese Cookies jedoch Informationen ab, um Sie automatisch wieder zu erkennen. Diese Wiedererkennung erfolgt aufgrund der in den Cookies gespeicherten IP-Adresse. Die so erlangten Informationen dienen dazu, unsere Angebote zu optimieren und Ihnen einen leichteren Zugang auf unsere Seite zu erm\u00f6glichen.<br \/>Sie k\u00f6nnen die Installation der Cookies durch eine entsprechende Einstellung Ihres Browsers verhindern; wir weisen Sie jedoch darauf hin, dass Sie in diesem Fall gegebenenfalls nicht s\u00e4mtliche Funktionen unserer Website vollumf\u00e4nglich nutzen k\u00f6nnen.<\/p><p>\u00a0<\/p><p><span style=\"color: #808080;\"><strong>Serverdaten<\/strong><\/span><br \/>Aus technischen Gr\u00fcnden werden u.a. folgende Daten, die Ihr Internet-Browser an uns bzw. an unseren Webspace-Provider \u00fcbermittelt, erfasst (sogenannte Serverlogfiles):<\/p><p>\u2013 Browsertyp und -version<br \/>\u2013 verwendetes Betriebssystem<br \/>\u2013 Webseite, von der aus Sie uns besuchen (Referrer URL)<br \/>\u2013 Webseite, die Sie besuchen<br \/>\u2013 Datum und Uhrzeit Ihres Zugriffs<br \/>\u2013 Ihre Internet Protokoll (IP)-Adresse.<\/p><p>Diese anonymen Daten werden getrennt von Ihren eventuell angegebenen personenbezogenen Daten gespeichert und lassen so keine R\u00fcckschl\u00fcsse auf eine bestimmte Person zu. Sie werden zu statistischen Zwecken ausgewertet, um unseren Internetauftritt und unsere Angebote optimieren zu k\u00f6nnen.<\/p><p>\u00a0<\/p><p><span style=\"color: #808080;\"><strong>Kontaktm\u00f6glichkeit<\/strong><\/span><br \/>Wir bieten Ihnen auf unserer Seite die M\u00f6glichkeit, mit uns per E-Mail und\/oder \u00fcber ein Kontaktformular in Verbindung zu treten. In diesem Fall werden die vom Nutzer gemachten Angaben zum Zwecke der Bearbeitung seiner Kontaktaufnahme gespeichert. Eine Weitergabe an Dritte erfolgt nicht. Ein Abgleich der so erhobenen Daten mit Daten, die m\u00f6glicherweise durch andere Komponenten unserer Seite erhoben werden, erfolgt ebenfalls nicht.<\/p><p>\u00a0<\/p><p><span style=\"color: #808080;\"><strong>Einsatz von Google-Analytics mit Anonymisierungsfunktion<\/strong><\/span><br \/>Wir setzen auf unserer Seite Google-Analytics, einen Webanalysedienst der Firma Google Inc., 1600 Amphitheatre Parkway, Mountain View, CA 94043 USA, nachfolgend \u201eGoogle\u201c ein. Google-Analytics verwendet sog. \u201eCookies\u201c, Textdateien, die auf Ihrem Computer gespeichert werden und hierdurch eine Analyse der Benutzung der Website durch Sie erm\u00f6glichen.<\/p><p>Die durch diese Cookies erzeugten Informationen, beispielsweise Zeit, Ort und H\u00e4ufigkeit Ihres Webseiten-Besuchs einschlie\u00dflich Ihrer IP-Adresse, werden an Google in den USA \u00fcbertragen und dort gespeichert.<\/p><p>Wir verwenden auf unserer Website Google-Analytics mit einer IP-Anonymisierungsfunktion. Ihre IP-Adresse wird in diesem Fall von Google schon innerhalb von Mitgliedstaaten der Europ\u00e4ischen Union oder in anderen Vertragsstaaten des Abkommens \u00fcber den Europ\u00e4ischen Wirtschaftsraum gek\u00fcrzt und dadurch anonymisiert.<\/p><p>Google wird diese Informationen benutzen, um Ihre Nutzung unserer Seite auszuwerten, um Reports \u00fcber die Websiteaktivit\u00e4ten f\u00fcr uns zusammenzustellen und um weitere mit der Websitenutzung und der Internetnutzung verbundene Dienstleistungen zu erbringen. Auch wird Google diese Informationen gegebenenfalls an Dritte \u00fcbertragen, sofern dies gesetzlich vorgeschrieben oder soweit Dritte diese Daten im Auftrag von Google verarbeiten.<\/p><p>Google wird, nach eigenen Angaben, in keinem Fall Ihre IP-Adresse mit anderen Daten von Google in Verbindung bringen. Sie k\u00f6nnen die Installation der Cookies durch eine entsprechende Einstellung Ihrer Browser-Software verhindern; wir weisen Sie jedoch darauf hin, dass Sie in diesem Fall gegebenenfalls nicht s\u00e4mtliche Funktionen unserer Website vollumf\u00e4nglich nutzen k\u00f6nnen.<\/p><p>Des Weiteren bietet Google f\u00fcr die g\u00e4ngigsten Browser eine Deaktivierungsoption an, welche Ihnen mehr Kontrolle dar\u00fcber gibt, welche Daten von Google erfasst und verarbeitet werden. Sollte Sie diese Option aktivieren, werden keine Informationen zum Website-Besuch an Google Analytics \u00fcbermittelt. Die Aktivierung verhindert aber nicht, dass Informationen an uns oder an andere von uns gegebenenfalls eingesetzte Webanalyse-Services \u00fcbermittelt werden. Weitere Informationen zu der von Google bereitgestellten Deaktivierungsoption sowie zu der Aktivierung dieser Option, erhalten Sie \u00fcber nachfolgenden Link: https:\/\/tools.google.com\/dlpage\/gaoptout?hl=de<\/p><p>\u00a0<\/p><p><span style=\"color: #808080;\"><strong>Einsatz von Google-Maps<\/strong><\/span><br \/>Wir setzen auf unserer Seite die Komponente \u201cGoogle Maps\u201d der Firma Google Inc., 1600 Amphitheatre Parkway, Mountain View, CA 94043 USA, nachfolgend \u201eGoogle\u201c, ein.<\/p><p>Bei jedem einzelnen Aufruf der Komponente \u201cGoogle Maps\u201d wird von Google ein Cookie gesetzt, um bei der Anzeige der Seite, auf der die Komponente \u201cGoogle Maps\u201d integriert ist, Nutzereinstellungen und -daten zu verarbeiten. Dieses Cookie wird im Regelfall nicht durch das Schlie\u00dfen des Browsers gel\u00f6scht, sondern l\u00e4uft nach einer bestimmten Zeit ab, soweit es nicht von Ihnen zuvor manuell gel\u00f6scht wird.<\/p><p>Wenn Sie mit dieser Verarbeitung Ihrer Daten nicht einverstanden sind, so besteht die M\u00f6glichkeit, den Service von \u201cGoogle Maps\u201d zu deaktivieren und auf diesem Weg die \u00dcbertragung von Daten an Google zu verhindern. Dazu m\u00fcssen Sie die Java-Script-Funktion in Ihrem Browser deaktivieren. Wir weisen Sie jedoch darauf hin, dass Sie in diesem Fall die \u201cGoogle Maps\u201d nicht oder nur eingeschr\u00e4nkt nutzen k\u00f6nnen.<\/p><p>Die Nutzung von \u201cGoogle Maps\u201d und der \u00fcber \u201cGoogle Maps\u201d erlangten Informationen erfolgt gem\u00e4\u00df den Google-Nutzungsbedingungen<\/p><p>https:\/\/www.google.de\/intl\/de\/policies\/terms\/regional.html<\/p><p>sowie der zus\u00e4tzlichen Gesch\u00e4ftsbedingungen f\u00fcr \u201eGoogle Maps\u201c<\/p><p>https:\/\/www.google.com\/intl\/de_de\/help\/terms_maps.html.<\/p><p>\u00a0<\/p><p><strong><span style=\"color: #808080;\">Einsatz von YouTube-Komponenten mit erweitertem<\/span> <span style=\"color: #808080;\">Datenschutzmodus<\/span><\/strong><br \/>Auf unserer Webseite setzen wir Komponenten (Videos) des Unternehmens YouTube, LLC 901 Cherry Ave., 94066 San Bruno, CA, USA, einem Unternehmen der Google Inc., Amphitheatre Parkway, Mountain View, CA 94043, USA, ein.<\/p><p>Hierbei nutzen wir die von YouTube zur Verf\u00fcgung gestellte Option \u201d \u2013 erweiterter Datenschutzmodus \u2013 \u201c.<\/p><p>Wenn Sie eine Seite aufrufen, die \u00fcber ein eingebettetes Video verf\u00fcgt, wird eine Verbindung zu den YouTube-Servern hergestellt und dabei der Inhalt durch Mitteilung an Ihren Browser auf der Internetseite dargestellt.<\/p><p>Laut den Angaben von YouTube werden im \u201d \u2013 erweiterten Datenschutzmodus -\u201d nur Daten an den YouTube-Server \u00fcbermittelt, insbesondere welche unserer Internetseiten Sie besucht haben, wenn Sie das Video anschauen. Sind Sie gleichzeitig bei YouTube eingeloggt, werden diese Informationen Ihrem Mitgliedskonto bei YouTube zugeordnet. Dies k\u00f6nnen Sie verhindern, indem Sie sich vor dem Besuch unserer Website von Ihrem Mitgliedskonto abmelden.<\/p><p>Weitere Informationen zum Datenschutz von YouTube werden von Google unter dem folgenden Link bereitgestellt:<\/p><p>https:\/\/www.google.de\/intl\/de\/policies\/privacy\/<\/p><p>\u00a0<\/p><p><span style=\"color: #808080;\"><strong>Einsatz von Google-Adwords<\/strong><\/span><br \/>Wir setzen zur Bewerbung unserer Website ferner das Google Werbetool \u201cGoogle-Adwords\u201d ein. Im Rahmen dessen verwenden wir auf unserer Website den Analysedienst \u201cConversion-Tracking\u201d der Firma Google Inc., 1600 Amphitheatre Parkway, Mountain View, CA 94043 USA, nachfolgend \u201eGoogle\u201c. Sofern Sie \u00fcber eine Google-Anzeige auf unsere Webseite gelangt sind, wird ein Cookie auf Ihrem Rechner abgelegt. Cookies sind kleine Textdateien, die Ihr Internet-Browser auf Ihrem Rechner ablegt und speichert. Diese sog. \u201cConversion- Cookies\u201d verlieren nach 30 Tagen ihre G\u00fcltigkeit und dienen nicht Ihrer pers\u00f6nlichen Identifikation. Besuchen Sie bestimmte Seiten unserer Website und das Cookie ist noch nicht abgelaufen, k\u00f6nnen wir und Google erkennen, dass Sie als Nutzer auf eine unserer bei Google platzierten Anzeigen geklickt haben und zu unserer Seite weitergeleitet wurden.<\/p><p>Die mit Hilfe der \u201cConversion-Cookies\u201d eingeholten Informationen dienen Google dazu, Besuchs-Statistiken f\u00fcr unsere Website zu erstellen. Wir erfahren durch diese Statistik die Gesamtanzahl der Nutzer, die auf unsere Anzeige geklickt haben und zudem welche Seiten unserer Website vom jeweiligen Nutzer im Anschluss aufgerufen wurden. Wir bzw. andere \u00fcber \u201cGoogle-Adwords\u201d Werbende erhalten jedoch keinerlei Informationen, mit denen sich Nutzer pers\u00f6nlich identifizieren lassen.<\/p><p>Sie k\u00f6nnen die Installation der \u201cConversion-Cookies\u201d durch eine entsprechende Einstellung Ihres Browsers verhindern, etwa per Browser-Einstellung, die das automatische Setzen von Cookies generell deaktiviert oder speziell nur die Cookies von der Domain \u201cgoogleadservices.com\u201c blockiert.<\/p><p>Die diesbez\u00fcgliche Datenschutzerkl\u00e4rung von Google erhalten Sie unter nachfolgendem Link: https:\/\/services.google.com\/sitestats\/de.html<\/p><p>\u00a0<\/p><p><span style=\"color: #808080;\"><strong>Einsatz von Google Remarketing<\/strong><\/span><br \/>Wir setzen auf unserer Website den Dienst Google Remarketing der Firma Google Inc., 1600 Amphitheatre Parkway, Mountain View, CA 94043 USA, nachfolgend \u201eGoogle\u201c ein. Mit Google-Remarketing k\u00f6nnen Anzeigen f\u00fcr Nutzer geschaltet werden, die unsere Webseite in der Vergangenheit bereits besucht haben. Innerhalb des Google-Werbenetzwerks k\u00f6nnen hierdurch an ihre Interessen angepasste Werbeanzeigen auf unserer Seite dargestellt werden. Google-Remarketing verwendet f\u00fcr diese Auswertung Cookies. Cookies sind kleine Textdateien, die auf Ihrem Computer gespeichert werden und die eine Analyse der Benutzung der Webseite erm\u00f6glicht. Hierdurch wird es erm\u00f6glicht, unsere Besucher wiederzuerkennen, sobald diese Webseiten innerhalb des Werbenetzwerks von Google aufrufen. Auf diese Weise k\u00f6nnen innerhalb des Werbenetzwerks von Google Werbeanzeigen pr\u00e4sentiert werden, die auf Inhalte bezogen sind, die der Besucher zuvor auf Webseiten des Werbenetzwerks von Google aufgerufen hat, die ebenfalls die Remarketing Funktion von Google verwenden. Google erhebt hierbei nach eigenen Angaben keine personenbezogenen Daten. Sie k\u00f6nnen diese Funktion deaktivieren, wenn Sie unter https:\/\/www.google.com\/settings\/ads die entsprechenden Einstellungen vornehmen.<\/p><p>\u00a0<\/p><p><span style=\"color: #808080;\"><strong>Auskunft\/Widerruf\/L\u00f6schung<\/strong><\/span><br \/>Sie k\u00f6nnen bei Fragen zur Erhebung, Verarbeitung oder Nutzung Ihrer personenbezogenen Daten und deren Berichtigung, Sperrung, L\u00f6schung oder einem Widerruf einer erteilten Einwilligung unentgeltlich an uns wenden. Wir weisen darauf hin, dass Ihnen ein Recht auf Berichtigung falscher Daten oder L\u00f6schung personenbezogener Daten zusteht, sollte diesem Anspruch keine gesetzliche Aufbewahrungspflicht entgegenstehen.Bei L\u00f6schung der Kundendaten, gehen vorhandene Treuerabatt Anspr\u00fcche verloren.<\/p><\/div>\n\t\t\t\t<\/div>\n\t\t\t\t<\/div>\n\t\t\t\t\t\t<\/div>\n\t\t\t\t\t<\/div>\n\t\t<\/div>\n\t\t\t\t\t\t\t\t<\/div>\n\t\t\t\t\t<\/div>\n\t\t<\/section>\n\t\t\t\t\t\t<\/div>\n\t\t\t\t\t\t<\/div>\n\t\t\t\t\t<\/div>\n\t\t","protected":false},"excerpt":{"rendered":"<p>DatenspeicherungWir weisen darauf hin, dass zum Zweck des einfacheren Einkaufsvorganges und zur sp\u00e4teren Vertragsabwicklung vom Webshop-Betreiber im Rahmen von Cookies die IP-Daten des Anschlussinhabers gespeichert werden, ebenso wie Name, Anschrift und Kreditkartennummer des K\u00e4ufers. Dar\u00fcber hinaus werden zum Zweck der Vertragsabwicklung folgende Daten auch bei uns gespeichert: Anrede, Name, Adresse, Telefonnummer und Email-Adresse. Die von &hellip;<\/p>\n<p class=\"read-more\"> <a class=\"\" href=\"https:\/\/wiesender-derma.at\/?page_id=538\"> <span class=\"screen-reader-text\">Datenschutzerkl\u00e4rung<\/span> Read More \u00bb<\/a><\/p>\n","protected":false},"author":1,"featured_media":0,"parent":0,"menu_order":0,"comment_status":"closed","ping_status":"closed","template":"","meta":[],"yoast_head":"<!-- This site is optimized with the Yoast SEO plugin v15.1.1 - https:\/\/yoast.com\/wordpress\/plugins\/seo\/ -->\n<title>Datenschutzerkl\u00e4rung - Dr. Markus Wiesender - Facharzt f\u00fcr Haut- und Geschlechtskrankheiten<\/title>\n<meta name=\"robots\" content=\"index, follow, max-snippet:-1, max-image-preview:large, max-video-preview:-1\" \/>\n<link rel=\"canonical\" href=\"https:\/\/wiesender-derma.at\/?page_id=538\" \/>\n<meta property=\"og:locale\" content=\"de_DE\" \/>\n<meta property=\"og:type\" content=\"article\" \/>\n<meta property=\"og:title\" content=\"Datenschutzerkl\u00e4rung - Dr. Markus Wiesender - Facharzt f\u00fcr Haut- und Geschlechtskrankheiten\" \/>\n<meta property=\"og:description\" content=\"DatenspeicherungWir weisen darauf hin, dass zum Zweck des einfacheren Einkaufsvorganges und zur sp\u00e4teren Vertragsabwicklung vom Webshop-Betreiber im Rahmen von Cookies die IP-Daten des Anschlussinhabers gespeichert werden, ebenso wie Name, Anschrift und Kreditkartennummer des K\u00e4ufers. Dar\u00fcber hinaus werden zum Zweck der Vertragsabwicklung folgende Daten auch bei uns gespeichert: Anrede, Name, Adresse, Telefonnummer und Email-Adresse. Die von &hellip; Datenschutzerkl\u00e4rung Read More \u00bb\" \/>\n<meta property=\"og:url\" content=\"https:\/\/wiesender-derma.at\/?page_id=538\" \/>\n<meta property=\"og:site_name\" content=\"Dr. Markus Wiesender - Facharzt f\u00fcr Haut- und Geschlechtskrankheiten\" \/>\n<meta property=\"article:modified_time\" content=\"2020-10-19T12:44:16+00:00\" \/>\n<meta name=\"twitter:card\" content=\"summary_large_image\" \/>\n<script type=\"application\/ld+json\" class=\"yoast-schema-graph\">{\"@context\":\"https:\/\/schema.org\",\"@graph\":[{\"@type\":\"WebSite\",\"@id\":\"https:\/\/wiesender-derma.at\/#website\",\"url\":\"https:\/\/wiesender-derma.at\/\",\"name\":\"Dr. Markus Wiesender - Facharzt f\\u00fcr Haut- und Geschlechtskrankheiten\",\"description\":\"\",\"potentialAction\":[{\"@type\":\"SearchAction\",\"target\":\"https:\/\/wiesender-derma.at\/?s={search_term_string}\",\"query-input\":\"required name=search_term_string\"}],\"inLanguage\":\"de\"},{\"@type\":\"WebPage\",\"@id\":\"https:\/\/wiesender-derma.at\/?page_id=538#webpage\",\"url\":\"https:\/\/wiesender-derma.at\/?page_id=538\",\"name\":\"Datenschutzerkl\\u00e4rung - Dr. Markus Wiesender - Facharzt f\\u00fcr Haut- und Geschlechtskrankheiten\",\"isPartOf\":{\"@id\":\"https:\/\/wiesender-derma.at\/#website\"},\"datePublished\":\"2020-09-17T21:30:26+00:00\",\"dateModified\":\"2020-10-19T12:44:16+00:00\",\"inLanguage\":\"de\",\"potentialAction\":[{\"@type\":\"ReadAction\",\"target\":[\"https:\/\/wiesender-derma.at\/?page_id=538\"]}]}]}<\/script>\n<!-- \/ Yoast SEO plugin. -->","_links":{"self":[{"href":"https:\/\/wiesender-derma.at\/index.php?rest_route=\/wp\/v2\/pages\/538"}],"collection":[{"href":"https:\/\/wiesender-derma.at\/index.php?rest_route=\/wp\/v2\/pages"}],"about":[{"href":"https:\/\/wiesender-derma.at\/index.php?rest_route=\/wp\/v2\/types\/page"}],"author":[{"embeddable":true,"href":"https:\/\/wiesender-derma.at\/index.php?rest_route=\/wp\/v2\/users\/1"}],"replies":[{"embeddable":true,"href":"https:\/\/wiesender-derma.at\/index.php?rest_route=%2Fwp%2Fv2%2Fcomments&post=538"}],"version-history":[{"count":16,"href":"https:\/\/wiesender-derma.at\/index.php?rest_route=\/wp\/v2\/pages\/538\/revisions"}],"predecessor-version":[{"id":900,"href":"https:\/\/wiesender-derma.at\/index.php?rest_route=\/wp\/v2\/pages\/538\/revisions\/900"}],"wp:attachment":[{"href":"https:\/\/wiesender-derma.at\/index.php?rest_route=%2Fwp%2Fv2%2Fmedia&parent=538"}],"curies":[{"name":"wp","href":"https:\/\/api.w.org\/{rel}","templated":true}]}}