{"id":796,"date":"2020-10-04T08:16:53","date_gmt":"2020-10-04T08:16:53","guid":{"rendered":"https:\/\/wiesender-derma.at\/?page_id=796"},"modified":"2025-12-16T13:26:02","modified_gmt":"2025-12-16T13:26:02","slug":"home1","status":"publish","type":"page","link":"https:\/\/wiesender-derma.at\/","title":{"rendered":"home1"},"content":{"rendered":"\t\t<div data-elementor-type=\"wp-page\" data-elementor-id=\"796\" class=\"elementor elementor-796\" data-elementor-settings=\"[]\">\n\t\t\t\t\t\t<div class=\"elementor-inner\">\n\t\t\t\t\t\t\t<div class=\"elementor-section-wrap\">\n\t\t\t\t\t\t\t<section class=\"elementor-section elementor-top-section elementor-element elementor-element-76913f65 elementor-section-boxed elementor-section-height-default elementor-section-height-default elementor-invisible\" data-id=\"76913f65\" data-element_type=\"section\" data-settings=\"{&quot;animation&quot;:&quot;none&quot;}\">\n\t\t\t\t\t\t<div class=\"elementor-container elementor-column-gap-default\">\n\t\t\t\t\t\t\t<div class=\"elementor-row\">\n\t\t\t\t\t<div class=\"elementor-column elementor-col-100 elementor-top-column elementor-element elementor-element-5e829b3a\" data-id=\"5e829b3a\" data-element_type=\"column\">\n\t\t\t<div class=\"elementor-column-wrap elementor-element-populated\">\n\t\t\t\t\t\t\t<div class=\"elementor-widget-wrap\">\n\t\t\t\t\t\t<div class=\"elementor-element elementor-element-44e8f771 elementor-widget elementor-widget-text-editor\" data-id=\"44e8f771\" data-element_type=\"widget\" data-widget_type=\"text-editor.default\">\n\t\t\t\t<div class=\"elementor-widget-container\">\n\t\t\t\t\t<div class=\"elementor-text-editor elementor-clearfix\"><p>\u00a0<\/p><p><strong>Die Privat Ordination im 22. Bezirk ist ab 01.01.2026 geschlossen.\u00a0<\/strong><\/p><p><strong>\u00a0<\/strong><\/p><p><strong>Bereits bestehende Patientinnen und Patienten k\u00f6nnen am neuen Standort sehr gerne weiterbetreut werden.\u00a0<\/strong><\/p><p><strong>\u00a0<\/strong><\/p><p><strong>F\u00fcr weitere Fragen (z.B. Terminvereinbarung, etc) bitte um Kontaktaufnahme per E-mail (ordination@wiesender-derma.at) oder \u00fcber Latido.\u00a0<\/strong><\/p><p>\u00a0<\/p><p><b style=\"font-style: inherit;\">\u00a0<\/b><\/p><p><b style=\"font-style: inherit;\">Neuer Standort Gruppenpraxis Dr. Kainz &amp; Dr. Wiesender , Quellenplatz 4, 1100 Wien, Tel. 01\/6048300, Alle Kassen\u00a0<\/b><\/p><p><b style=\"font-style: inherit;\">\u00a0<\/b><\/p><p><b>https:\/\/www.hautzentrum-favoriten.at\/<\/b><\/p><p>\u00a0<\/p><\/div>\n\t\t\t\t<\/div>\n\t\t\t\t<\/div>\n\t\t\t\t<div class=\"elementor-element elementor-element-34e4dbd elementor-align-center elementor-widget elementor-widget-button\" data-id=\"34e4dbd\" data-element_type=\"widget\" data-widget_type=\"button.default\">\n\t\t\t\t<div class=\"elementor-widget-container\">\n\t\t\t\t\t<div class=\"elementor-button-wrapper\">\n\t\t\t<a href=\"https:\/\/patient.latido.at\/arzt\/_Wiesender\" target=\"_blank\" class=\"elementor-button-link elementor-button elementor-size-md elementor-animation-grow\" role=\"button\">\n\t\t\t\t\t\t<span class=\"elementor-button-content-wrapper\">\n\t\t\t\t\t\t<span class=\"elementor-button-text\">Zur Online Terminvergabe<\/span>\n\t\t<\/span>\n\t\t\t\t\t<\/a>\n\t\t<\/div>\n\t\t\t\t<\/div>\n\t\t\t\t<\/div>\n\t\t\t\t<div class=\"elementor-element elementor-element-10c2fa8 elementor-widget elementor-widget-text-editor\" data-id=\"10c2fa8\" data-element_type=\"widget\" data-widget_type=\"text-editor.default\">\n\t\t\t\t<div class=\"elementor-widget-container\">\n\t\t\t\t\t<div class=\"elementor-text-editor elementor-clearfix\"><\/div>\n\t\t\t\t<\/div>\n\t\t\t\t<\/div>\n\t\t\t\t\t\t<\/div>\n\t\t\t\t\t<\/div>\n\t\t<\/div>\n\t\t\t\t\t\t\t\t<\/div>\n\t\t\t\t\t<\/div>\n\t\t<\/section>\n\t\t\t\t\t\t<\/div>\n\t\t\t\t\t\t<\/div>\n\t\t\t\t\t<\/div>\n\t\t","protected":false},"excerpt":{"rendered":"<p>\u00a0 Die Privat Ordination im 22. Bezirk ist ab 01.01.2026 geschlossen.\u00a0 \u00a0 Bereits bestehende Patientinnen und Patienten k\u00f6nnen am neuen Standort sehr gerne weiterbetreut werden.\u00a0 \u00a0 F\u00fcr weitere Fragen (z.B. Terminvereinbarung, etc) bitte um Kontaktaufnahme per E-mail (ordination@wiesender-derma.at) oder \u00fcber Latido.\u00a0 \u00a0 \u00a0 Neuer Standort Gruppenpraxis Dr. Kainz &amp; Dr. Wiesender , Quellenplatz 4, 1100 &hellip;<\/p>\n<p class=\"read-more\"> <a class=\"\" href=\"https:\/\/wiesender-derma.at\/\"> <span class=\"screen-reader-text\">home1<\/span> Read More \u00bb<\/a><\/p>\n","protected":false},"author":1,"featured_media":0,"parent":0,"menu_order":0,"comment_status":"closed","ping_status":"closed","template":"","meta":[],"yoast_head":"<!-- This site is optimized with the Yoast SEO plugin v15.1.1 - https:\/\/yoast.com\/wordpress\/plugins\/seo\/ -->\n<title>Dr. Markus Wiesender - Facharzt f\u00fcr Haut- und Geschlechtskrankheiten<\/title>\n<meta name=\"description\" content=\"Hautarzt 1220, Dr. med. univ. Markus Wiesender, Facharzt f\u00fcr Haut- und Geschlechtskrankheiten, \u00c4rztezentrum, Donaustadtstra\u00dfe 1\/3.Stock, 1220 Wien, Telefonnummer: +43\/660 823 1220, E-Mail: ordination@wiesender-derma.at, Website: www.wiesender-derma.at Wahlarztordination, keine Kassen\" \/>\n<meta name=\"robots\" content=\"index, follow, max-snippet:-1, max-image-preview:large, max-video-preview:-1\" \/>\n<link rel=\"canonical\" href=\"https:\/\/wiesender-derma.at\/\" \/>\n<meta property=\"og:locale\" content=\"de_DE\" \/>\n<meta property=\"og:type\" content=\"article\" \/>\n<meta property=\"og:title\" content=\"Dr. Markus Wiesender - Facharzt f\u00fcr Haut- und Geschlechtskrankheiten\" \/>\n<meta property=\"og:description\" content=\"Hautarzt 1220, Dr. med. univ. Markus Wiesender, Facharzt f\u00fcr Haut- und Geschlechtskrankheiten, \u00c4rztezentrum, Donaustadtstra\u00dfe 1\/3.Stock, 1220 Wien, Telefonnummer: +43\/660 823 1220, E-Mail: ordination@wiesender-derma.at, Website: www.wiesender-derma.at Wahlarztordination, keine Kassen\" \/>\n<meta property=\"og:url\" content=\"https:\/\/wiesender-derma.at\/\" \/>\n<meta property=\"og:site_name\" content=\"Dr. Markus Wiesender - Facharzt f\u00fcr Haut- und Geschlechtskrankheiten\" \/>\n<meta property=\"article:modified_time\" content=\"2025-12-16T13:26:02+00:00\" \/>\n<meta name=\"twitter:card\" content=\"summary_large_image\" \/>\n<script type=\"application\/ld+json\" class=\"yoast-schema-graph\">{\"@context\":\"https:\/\/schema.org\",\"@graph\":[{\"@type\":\"WebSite\",\"@id\":\"https:\/\/wiesender-derma.at\/#website\",\"url\":\"https:\/\/wiesender-derma.at\/\",\"name\":\"Dr. Markus Wiesender - Facharzt f\\u00fcr Haut- und Geschlechtskrankheiten\",\"description\":\"\",\"potentialAction\":[{\"@type\":\"SearchAction\",\"target\":\"https:\/\/wiesender-derma.at\/?s={search_term_string}\",\"query-input\":\"required name=search_term_string\"}],\"inLanguage\":\"de\"},{\"@type\":\"WebPage\",\"@id\":\"https:\/\/wiesender-derma.at\/#webpage\",\"url\":\"https:\/\/wiesender-derma.at\/\",\"name\":\"Dr. Markus Wiesender - Facharzt f\\u00fcr Haut- und Geschlechtskrankheiten\",\"isPartOf\":{\"@id\":\"https:\/\/wiesender-derma.at\/#website\"},\"datePublished\":\"2020-10-04T08:16:53+00:00\",\"dateModified\":\"2025-12-16T13:26:02+00:00\",\"description\":\"Hautarzt 1220, Dr. med. univ. Markus Wiesender, Facharzt f\\u00fcr Haut- und Geschlechtskrankheiten, \\u00c4rztezentrum, Donaustadtstra\\u00dfe 1\/3.Stock, 1220 Wien, Telefonnummer: +43\/660 823 1220, E-Mail: ordination@wiesender-derma.at, Website: www.wiesender-derma.at Wahlarztordination, keine Kassen\",\"inLanguage\":\"de\",\"potentialAction\":[{\"@type\":\"ReadAction\",\"target\":[\"https:\/\/wiesender-derma.at\/\"]}]}]}<\/script>\n<!-- \/ Yoast SEO plugin. -->","_links":{"self":[{"href":"https:\/\/wiesender-derma.at\/index.php?rest_route=\/wp\/v2\/pages\/796"}],"collection":[{"href":"https:\/\/wiesender-derma.at\/index.php?rest_route=\/wp\/v2\/pages"}],"about":[{"href":"https:\/\/wiesender-derma.at\/index.php?rest_route=\/wp\/v2\/types\/page"}],"author":[{"embeddable":true,"href":"https:\/\/wiesender-derma.at\/index.php?rest_route=\/wp\/v2\/users\/1"}],"replies":[{"embeddable":true,"href":"https:\/\/wiesender-derma.at\/index.php?rest_route=%2Fwp%2Fv2%2Fcomments&post=796"}],"version-history":[{"count":110,"href":"https:\/\/wiesender-derma.at\/index.php?rest_route=\/wp\/v2\/pages\/796\/revisions"}],"predecessor-version":[{"id":1138,"href":"https:\/\/wiesender-derma.at\/index.php?rest_route=\/wp\/v2\/pages\/796\/revisions\/1138"}],"wp:attachment":[{"href":"https:\/\/wiesender-derma.at\/index.php?rest_route=%2Fwp%2Fv2%2Fmedia&parent=796"}],"curies":[{"name":"wp","href":"https:\/\/api.w.org\/{rel}","templated":true}]}}